{"id":219,"date":"2026-04-04T08:58:17","date_gmt":"2026-04-04T06:58:17","guid":{"rendered":"https:\/\/sandorferenczi.hu\/?page_id=219"},"modified":"2026-04-04T08:58:29","modified_gmt":"2026-04-04T06:58:29","slug":"munkaido-elszamolas","status":"publish","type":"page","link":"https:\/\/sandorferenczi.hu\/hu\/munkaido-elszamolas\/","title":{"rendered":"Munkaid\u0151 elsz\u00e1mol\u00e1s"},"content":{"rendered":"<p>\u00c9rv\u00e9nytelen hivatkoz\u00e1s.<\/p>\n","protected":false},"excerpt":{"rendered":"","protected":false},"author":1,"featured_media":0,"parent":0,"menu_order":0,"comment_status":"closed","ping_status":"closed","template":"page-blank-landingpage.php","meta":{"footnotes":""},"class_list":["post-219","page","type-page","status-publish","hentry"],"_links":{"self":[{"href":"https:\/\/sandorferenczi.hu\/hu\/wp-json\/wp\/v2\/pages\/219","targetHints":{"allow":["GET"]}}],"collection":[{"href":"https:\/\/sandorferenczi.hu\/hu\/wp-json\/wp\/v2\/pages"}],"about":[{"href":"https:\/\/sandorferenczi.hu\/hu\/wp-json\/wp\/v2\/types\/page"}],"author":[{"embeddable":true,"href":"https:\/\/sandorferenczi.hu\/hu\/wp-json\/wp\/v2\/users\/1"}],"replies":[{"embeddable":true,"href":"https:\/\/sandorferenczi.hu\/hu\/wp-json\/wp\/v2\/comments?post=219"}],"version-history":[{"count":1,"href":"https:\/\/sandorferenczi.hu\/hu\/wp-json\/wp\/v2\/pages\/219\/revisions"}],"predecessor-version":[{"id":220,"href":"https:\/\/sandorferenczi.hu\/hu\/wp-json\/wp\/v2\/pages\/219\/revisions\/220"}],"wp:attachment":[{"href":"https:\/\/sandorferenczi.hu\/hu\/wp-json\/wp\/v2\/media?parent=219"}],"curies":[{"name":"wp","href":"https:\/\/api.w.org\/{rel}","templated":true}]}}